{"id":7999,"date":"2019-07-18T09:15:14","date_gmt":"2019-07-18T09:15:14","guid":{"rendered":"https:\/\/www.standio.com\/?page_id=7999"},"modified":"2019-07-18T09:25:20","modified_gmt":"2019-07-18T09:25:20","slug":"standio-street","status":"publish","type":"page","link":"https:\/\/www.standio.com\/vi\/standio-street\/","title":{"rendered":"Standio Street"},"content":{"rendered":"<div data-elementor-type=\"wp-post\" data-elementor-id=\"7999\" class=\"elementor elementor-7999\" data-elementor-settings=\"[]\">\n\t\t\t\t\t\t<div class=\"elementor-inner\">\n\t\t\t\t\t\t\t<div class=\"elementor-section-wrap\">\n\t\t\t\t\t\t\t<section class=\"elementor-section elementor-top-section elementor-element elementor-element-3baaf1b elementor-section-stretched elementor-section-boxed elementor-section-height-default elementor-section-height-default\" data-id=\"3baaf1b\" data-element_type=\"section\" data-settings=\"{&quot;stretch_section&quot;:&quot;section-stretched&quot;,&quot;background_background&quot;:&quot;classic&quot;,&quot;background_motion_fx_motion_fx_scrolling&quot;:&quot;yes&quot;,&quot;background_image&quot;:{&quot;url&quot;:&quot;&quot;,&quot;id&quot;:&quot;&quot;},&quot;background_image_tablet&quot;:{&quot;url&quot;:&quot;&quot;,&quot;id&quot;:&quot;&quot;},&quot;background_image_mobile&quot;:{&quot;url&quot;:&quot;&quot;,&quot;id&quot;:&quot;&quot;},&quot;background_motion_fx_devices&quot;:[&quot;desktop&quot;,&quot;tablet&quot;,&quot;mobile&quot;]}\">\n\t\t\t\t\t\t\t<div class=\"elementor-background-overlay\"><\/div>\n\t\t\t\t\t\t\t<div class=\"elementor-container elementor-column-gap-no\">\n\t\t\t\t\t\t\t<div class=\"elementor-row\">\n\t\t\t\t\t<div class=\"elementor-column elementor-col-100 elementor-top-column elementor-element elementor-element-19ea070\" data-id=\"19ea070\" data-element_type=\"column\" data-settings=\"{&quot;background_background&quot;:&quot;classic&quot;}\">\n\t\t\t<div class=\"elementor-column-wrap elementor-element-populated\">\n\t\t\t\t\t\t\t<div class=\"elementor-widget-wrap\">\n\t\t\t\t\t\t<div class=\"elementor-element elementor-element-4d6d9ed elementor-widget elementor-widget-heading\" data-id=\"4d6d9ed\" data-element_type=\"widget\" data-widget_type=\"heading.default\">\n\t\t\t\t<div class=\"elementor-widget-container\">\n\t\t\t<h1 class=\"elementor-heading-title elementor-size-default\">Standio Street<\/h1>\t\t<\/div>\n\t\t\t\t<\/div>\n\t\t\t\t<div class=\"elementor-element elementor-element-6418c26 elementor-widget elementor-widget-text-editor\" data-id=\"6418c26\" data-element_type=\"widget\" data-widget_type=\"text-editor.default\">\n\t\t\t\t<div class=\"elementor-widget-container\">\n\t\t\t\t\t<div class=\"elementor-text-editor elementor-clearfix\">Truy\u1ec1n tr\u1ef1c ti\u1ebfp nh\u1eefng th\u00f4ng \u0111i\u1ec7p qu\u1ea3ng c\u00e1o v\u1edbi \u0111\u1ed9 s\u00e1ng v\u00e0 \u0111\u1ed9 ph\u00e2n gi\u1ea3i cao \u0111\u1ebfn \u0111\u01b0\u1eddng ph\u1ed1 v\u1edbi Standio Street. Standio Street l\u00e0 m\u1ed9t s\u1ea3n ph\u1ea9m ho\u00e0n h\u1ea3o \u0111\u1ec3 k\u1ebft n\u1ed1i kh\u00e1ch h\u00e0ng c\u1ee7a b\u1ea1n b\u1eb1ng nh\u1eefng th\u00f4ng \u0111i\u1ec7p s\u1ed1ng \u0111\u1ed9ng c\u00f9ng \u0111\u1ed9 s\u00e1ng, v\u00e0 \u0111\u1ed9 t\u01b0\u01a1ng ph\u1ea3n cao.<\/div>\n\t\t\t\t<\/div>\n\t\t\t\t<\/div>\n\t\t\t\t<div class=\"elementor-element elementor-element-3b0614e elementor-widget elementor-widget-text-editor\" data-id=\"3b0614e\" data-element_type=\"widget\" data-widget_type=\"text-editor.default\">\n\t\t\t\t<div class=\"elementor-widget-container\">\n\t\t\t\t\t<div class=\"elementor-text-editor elementor-clearfix\"><!-- The Grid Plugin Version 2.7.4 --><!-- The Grid Wrapper Start --><div class=\"tg-grid-wrapper malabo-grid  tg-txt full-height\" id=\"grid-8001\" data-version=\"2.7.4\"><!-- The Grid Styles --><style class=\"tg-grid-styles\" type=\"text\/css\" scoped>#grid-8001 .tg-nav-color:not(.dots):not(.tg-dropdown-value):not(.tg-dropdown-title):hover,#grid-8001 .tg-nav-color:hover .tg-nav-color,#grid-8001 .tg-page-number.tg-page-current,#grid-8001 .tg-filter.tg-filter-active span{color:#ff6863}#grid-8001 .tg-filter:before,#grid-8001 .tg-filter.tg-filter-active:before{color:#999999}#grid-8001 .tg-dropdown-holder,#grid-8001 .tg-search-inner,#grid-8001 .tg-sorter-order{border:1px solid #DDDDDD}#grid-8001 .tg-search-clear,#grid-8001 .tg-search-clear:hover{border:none;border-left:1px solid #DDDDDD}.tg-txt .tg-nav-font,.tg-txt input[type=text].tg-search{font-size:14px;font-weight:600}.tg-txt .tg-search::-webkit-input-placeholder{font-size:14px}.tg-txt .tg-search::-moz-placeholder{font-size:14px}.tg-txt .tg-search:-ms-input-placeholder{font-size:14px}.tg-txt .tg-icon-left-arrow:before{content:\"\\e604\";font-size:32px;font-weight:100}.tg-txt .tg-icon-right-arrow:before{content:\"\\e602\";font-size:32px;font-weight:100}.tg-txt .tg-icon-dropdown-open:before,.tg-txt .tg-icon-sorter-down:before{content:\"\\e60a\"}.tg-txt .tg-icon-sorter-up:before{content:\"\\e609\"}.tg-txt .tg-search-clear:before{content:\"\\e611\";font-weight:300}.tg-txt .tg-search-icon:before{content:\"\\e62e\";font-size:16px;font-weight:600}#grid-8001 .tg-nav-color,#grid-8001 .tg-search-icon:hover:before,#grid-8001 .tg-search-icon:hover input,#grid-8001 .tg-disabled:hover .tg-icon-left-arrow,#grid-8001 .tg-disabled:hover .tg-icon-right-arrow,#grid-8001 .tg-dropdown-title.tg-nav-color:hover{color:#999999}#grid-8001 input.tg-search:hover{color:#999999 !important}#grid-8001 input.tg-search::-webkit-input-placeholder{color:#999999}#grid-8001 input.tg-search::-moz-placeholder{color:#999999;opacity:1}#grid-8001 input.tg-search:-ms-input-placeholder{color:#999999}.grid-8001 .tg-dropdown-item{color:#777777;background:#ffffff}.grid-8001 .tg-filter-active,.grid-8001 .tg-dropdown-item:hover{color:#444444;background:#f5f6fa}#grid-8001 .tg-slider-bullets li.tg-active-item span{background:#59585b}#grid-8001 .tg-slider-bullets li span{background:#DDDDDD}#grid-8001 .tg-grid-area-bottom1{text-align:center}.tg-sofia-custom-work a:not([class*=\"tg-element-\"]),.tg-sofia-custom-work a:not([class*=\"tg-element-\"]):active,.tg-sofia-custom-work a:not([class*=\"tg-element-\"]):focus,.tg-sofia-custom-work [class*=\"tg-element-\"] *:not(del){margin:0;padding:0;color:inherit !important;text-align:inherit;font-size:inherit;font-style:inherit;line-height:inherit;font-weight:inherit;text-transform:inherit;text-decoration:inherit;-webkit-box-shadow:none;box-shadow:none;border:none}.tg-sofia-custom-work [class*=\"tg-element-\"],.tg-sofia-custom-work .tg-item-overlay,.tg-sofia-custom-work .tg-center-holder,.tg-sofia-custom-work .tg-center-inner > *{vertical-align:middle}.tg-sofia-custom-work:not(.tg-force-play):not(.tg-is-playing) .tg-item-media-inner > *{-webkit-transition:all 310ms cubic-bezier(.17,.73,.66,.99);-moz-transition:all 310ms cubic-bezier(.17,.73,.66,.99);-ms-transition:all 310ms cubic-bezier(.17,.73,.66,.99);transition:all 310ms cubic-bezier(.17,.73,.66,.99);-webkit-transform:perspective(500px)scale3d(1,1,1);-moz-transform:perspective(500px)scale3d(1,1,1);-ms-transform:perspective(500px)scale3d(1,1,1);transform:perspective(500px)scale3d(1,1,1)}.tg-sofia-custom-work:not(.tg-force-play):not(.tg-is-playing):hover .tg-item-media-inner > *{-webkit-transform:perspective(500px)scale3d(1.08,1.08,1);-moz-transform:perspective(500px)scale3d(1.08,1.08,1);-ms-transform:perspective(500px)scale3d(1.08,1.08,1);transform:perspective(500px)scale3d(1.08,1.08,1)}.tg-sofia-custom-work .tg-element-5{position:absolute;font-size:13px;line-height:22px;font-weight:600;text-transform:uppercase;text-align:center;display:block;top:0;left:0;z-index:3;width:100%;min-width:100%;height:100%;min-height:100%;z-index:0}.tg-sofia-custom-work .tg-element-4{position:absolute;font-size:14px;line-height:20px;font-weight:300;text-align:left;display:block;left:0;bottom:0;z-index:3;width:100%;min-width:100%;padding:12px 18px 20px;opacity:0;visibility:hidden;-webkit-transition:all 600ms cubic-bezier(.17,.73,.66,.99);-moz-transition:all 600ms cubic-bezier(.17,.73,.66,.99);-ms-transition:all 600ms cubic-bezier(.17,.73,.66,.99);transition:all 600ms cubic-bezier(.17,.73,.66,.99);-webkit-transform:translate3d(0px,30px,0px);-moz-transform:translate3d(0px,30px,0px);-ms-transform:translate3d(0px,30px,0px);transform:translate3d(0px,30px,0px)}.tg-sofia-custom-work:hover .tg-element-4{opacity:1;visibility:visible;-webkit-transform:translate3d(0,0,0);-moz-transform:translate3d(0,0,0);-ms-transform:translate3d(0,0,0);transform:translate3d(0,0,0)}.tg-sofia-custom-work .tg-element-1{position:absolute;font-size:16px !important;line-height:20px !important;font-weight:300;text-align:left;display:block;left:0;bottom:0;z-index:3;width:100%;min-width:100%;margin:0;padding:12px 18px;z-index:1;-webkit-transition:all 400ms cubic-bezier(.17,.73,.66,.99);-moz-transition:all 400ms cubic-bezier(.17,.73,.66,.99);-ms-transition:all 400ms cubic-bezier(.17,.73,.66,.99);transition:all 400ms cubic-bezier(.17,.73,.66,.99);-webkit-transform:translate3d(0,0,0);-moz-transform:translate3d(0,0,0);-ms-transform:translate3d(0,0,0);transform:translate3d(0,0,0)}.tg-sofia-custom-work:hover .tg-element-1{-webkit-transform:translate3d(0px,-30px,0px);-moz-transform:translate3d(0px,-30px,0px);-ms-transform:translate3d(0px,-30px,0px);transform:translate3d(0px,-30px,0px)}.tg-sofia-custom-2 .tg-element-3 span:not(.tg-item-author-name){text-transform:none;font-style:italic;font-weight:400}.tg-sofia-custom-2 .tg-element-4 i{display:inline-block;font-size:22px;vertical-align:top;font-weight:400}.tg-sofia-custom-2 .tg-element-5{pointer-events:none;-webkit-transition:opacity 0.4s ease;-moz-transition:opacity 0.4s ease;-ms-transition:opacity 0.4s ease;-o-transition:opacity 0.4s ease;transition:opacity 0.4s ease}.tg-skin-build-inner .tg-sofia-custom-2 .tg-element-5{box-shadow:inset 0 -250px 250px -120px rgba(52,73,94,0.75)}.tg-sofia-custom-2:hover .tg-element-5{opacity:0.5 !important}.tg-item .tg-dark div,.tg-item .tg-dark h1,.tg-item .tg-dark h1 a,.tg-item .tg-dark h2,.tg-item .tg-dark h2 a,.tg-item .tg-dark h3,.tg-item .tg-dark h3 a,.tg-item .tg-dark h4,.tg-item .tg-dark h4 a,.tg-item .tg-dark h5,.tg-item .tg-dark h5 a,.tg-item .tg-dark h6,.tg-item .tg-dark h6 a,.tg-item .tg-dark a,.tg-item .tg-dark a.tg-link-url,.tg-item .tg-dark i,.tg-item .tg-dark .tg-media-button,.tg-item .tg-dark .tg-item-price span{color:#444444;fill:#444444;stroke:#444444;border-color:#444444}.tg-item .tg-dark p,.tg-item .tg-dark ol,.tg-item .tg-dark ul,.tg-item .tg-dark li{color:#777777;fill:#777777;stroke:#777777;border-color:#777777}.tg-item .tg-dark span,.tg-item .tg-dark .no-liked .to-heart-icon path,.tg-item .tg-dark .empty-heart .to-heart-icon path,.tg-item .tg-dark .tg-item-comment i,.tg-item .tg-dark .tg-item-price del span{color:#999999;fill:#999999;stroke:#999999;border-color:#999999}.tg-item .tg-light div,.tg-item .tg-light h1,.tg-item .tg-light h1 a,.tg-item .tg-light h2,.tg-item .tg-light h2 a,.tg-item .tg-light h3,.tg-item .tg-light h3 a,.tg-item .tg-light h4,.tg-item .tg-light h4 a,.tg-item .tg-light h5,.tg-item .tg-light h5 a,.tg-item .tg-light h6,.tg-item .tg-light h6 a,.tg-item .tg-light a,.tg-item .tg-light a.tg-link-url,.tg-item .tg-light i,.tg-item .tg-light .tg-media-button,.tg-item .tg-light .tg-item-price span{color:#ffffff;fill:#ffffff;stroke:#ffffff;border-color:#ffffff}.tg-item .tg-light p,.tg-item .tg-light ol,.tg-item .tg-light ul,.tg-item .tg-light li{color:#f5f5f5;fill:#f5f5f5;stroke:#f5f5f5;border-color:#f5f5f5}.tg-item .tg-light span,.tg-item .tg-light .no-liked .to-heart-icon path,.tg-item .tg-light .empty-heart .to-heart-icon path,.tg-item .tg-light .tg-item-comment i,.tg-item .tg-light .tg-item-price del span{color:#f6f6f6;fill:#f6f6f6;stroke:#f6f6f6;border-color:#f6f6f6}#grid-8001 .tg-item-content-holder{background-color:#ffffff}#grid-8001 .tg-item-overlay{background-color:rgba(0,0,0,0.15)}<\/style><!-- The Grid Item Sizer --><div class=\"tg-grid-sizer\"><\/div><!-- The Grid Gutter Sizer --><div class=\"tg-gutter-sizer\"><\/div><!-- The Grid Items Holder --><div class=\"tg-grid-holder tg-layout-grid\"  data-name=\"Standio Street\"  data-style=\"grid\" data-row=\"1\" data-layout=\"vertical\" data-rtl=\"\" data-fitrows=\"\" data-filtercomb=\"\" data-filterlogic=\"AND\" data-filterload =\"\" data-sortbyload =\"\" data-orderload =\"false\" data-fullwidth=\"\" data-fullheight=\"null\" data-gutters=\"[[320,10],[480,10],[690,10],[1000,14],[1300,16],[9999,16]]\" data-slider='{\"itemNav\":\"null\",\"swingSpeed\":0.1,\"cycleBy\":\"null\",\"cycle\":5000,\"startAt\":1}' data-ratio=\"1.00\" data-cols=\"[[320,2],[480,2],[690,2],[1000,3],[1300,4],[9999,4]]\" data-rows=\"[[320,200],[480,200],[690,220],[1000,220],[1300,240],[9999,240]]\" data-animation='{&quot;name&quot;:&quot;Fade in&quot;,&quot;visible&quot;:&quot;&quot;,&quot;hidden&quot;:&quot;&quot;}' data-transition=\"700ms\" data-ajaxmethod=\"load_more\" data-ajaxdelay=\"100\" data-preloader=\"\" data-itemdelay=\"100\" data-gallery=\"\" data-ajax=\"\"><!-- The Grid item #1 --><article class=\"tg-item tg-post-7943 tg-sofia-custom-work f42\" data-row=\"2\" data-col=\"2\"><div class=\"tg-item-inner\"><div class=\"tg-item-media-holder tg-light\"><div class=\"tg-item-media-inner\"><div class=\"tg-item-image\" style=\"background-image: url(https:\/\/www.standio.com\/wp-content\/uploads\/standio-street-luna-thumb.jpg)\"><\/div><\/div><div class=\"tg-item-media-content\"><div class=\"tg-element-5\"><div style=\"height:100%;box-shadow: inset 0 -200px 200px -120px rgba(0,0,0,0.15)\"><\/div><\/div><div class=\"tg-element-4\"><a target=\"_self\" href=\"https:\/\/www.standio.com\/vi\/product\/standio-street-luna\/\">View<\/a><\/div><h3 class=\"tg-item-title tg-element-1\"><a target=\"_self\" href=\"https:\/\/www.standio.com\/vi\/product\/standio-street-luna\/\">Standio Street Luna<\/a><\/h3><a class=\"tg-element-absolute tg-element-above\" target=\"_self\" href=\"https:\/\/www.standio.com\/vi\/product\/standio-street-luna\/\"><\/a><\/div><\/div><\/div><\/article><!-- The Grid item #2 --><article class=\"tg-item tg-post-7932 tg-sofia-custom-work f42\" data-row=\"2\" data-col=\"2\"><div class=\"tg-item-inner\"><div class=\"tg-item-media-holder tg-light\"><div class=\"tg-item-media-inner\"><div class=\"tg-item-image\" style=\"background-image: url(https:\/\/www.standio.com\/wp-content\/uploads\/standio-street-vega-thumb.jpg)\"><\/div><\/div><div class=\"tg-item-media-content\"><div class=\"tg-element-5\"><div style=\"height:100%;box-shadow: inset 0 -200px 200px -120px rgba(0,0,0,0.15)\"><\/div><\/div><div class=\"tg-element-4\"><a target=\"_self\" href=\"https:\/\/www.standio.com\/vi\/product\/standio-street-vega\/\">View<\/a><\/div><h3 class=\"tg-item-title tg-element-1\"><a target=\"_self\" href=\"https:\/\/www.standio.com\/vi\/product\/standio-street-vega\/\">Standio Street Vega<\/a><\/h3><a class=\"tg-element-absolute tg-element-above\" target=\"_self\" href=\"https:\/\/www.standio.com\/vi\/product\/standio-street-vega\/\"><\/a><\/div><\/div><\/div><\/article><\/div><\/div><!-- The Grid Wrapper End --><\/div>\n\t\t\t\t<\/div>\n\t\t\t\t<\/div>\n\t\t\t\t\t\t<\/div>\n\t\t\t\t\t<\/div>\n\t\t<\/div>\n\t\t\t\t\t\t\t\t<\/div>\n\t\t\t\t\t<\/div>\n\t\t<\/section>\n\t\t\t\t\t\t<\/div>\n\t\t\t\t\t\t<\/div>\n\t\t\t\t\t<\/div>","protected":false},"excerpt":{"rendered":"<p>Standio Street Bring your bright, high resolution advertising message directly to the street with the Standio Street. The Standio Street is the perfect product to&#8230;<\/p>","protected":false},"author":2,"featured_media":0,"parent":0,"menu_order":6,"comment_status":"closed","ping_status":"closed","template":"elementor_header_footer","meta":[],"_links":{"self":[{"href":"https:\/\/www.standio.com\/vi\/wp-json\/wp\/v2\/pages\/7999"}],"collection":[{"href":"https:\/\/www.standio.com\/vi\/wp-json\/wp\/v2\/pages"}],"about":[{"href":"https:\/\/www.standio.com\/vi\/wp-json\/wp\/v2\/types\/page"}],"author":[{"embeddable":true,"href":"https:\/\/www.standio.com\/vi\/wp-json\/wp\/v2\/users\/2"}],"replies":[{"embeddable":true,"href":"https:\/\/www.standio.com\/vi\/wp-json\/wp\/v2\/comments?post=7999"}],"version-history":[{"count":4,"href":"https:\/\/www.standio.com\/vi\/wp-json\/wp\/v2\/pages\/7999\/revisions"}],"predecessor-version":[{"id":8006,"href":"https:\/\/www.standio.com\/vi\/wp-json\/wp\/v2\/pages\/7999\/revisions\/8006"}],"wp:attachment":[{"href":"https:\/\/www.standio.com\/vi\/wp-json\/wp\/v2\/media?parent=7999"}],"curies":[{"name":"wp","href":"https:\/\/api.w.org\/{rel}","templated":true}]}}