{"id":7498,"date":"2019-06-09T15:06:09","date_gmt":"2019-06-09T15:06:09","guid":{"rendered":"https:\/\/www.standio.com\/?page_id=7498"},"modified":"2019-09-02T07:20:38","modified_gmt":"2019-09-02T07:20:38","slug":"standio-scroll","status":"publish","type":"page","link":"https:\/\/www.standio.com\/vi\/standio-scroll\/","title":{"rendered":"Standio Scroll"},"content":{"rendered":"<div data-elementor-type=\"wp-post\" data-elementor-id=\"7498\" class=\"elementor elementor-7498\" data-elementor-settings=\"[]\">\n\t\t\t\t\t\t<div class=\"elementor-inner\">\n\t\t\t\t\t\t\t<div class=\"elementor-section-wrap\">\n\t\t\t\t\t\t\t<section class=\"elementor-section elementor-top-section elementor-element elementor-element-4f687d8f elementor-section-stretched elementor-section-height-full elementor-section-boxed elementor-section-height-default elementor-section-items-middle\" data-id=\"4f687d8f\" data-element_type=\"section\" data-settings=\"{&quot;stretch_section&quot;:&quot;section-stretched&quot;,&quot;background_background&quot;:&quot;video&quot;,&quot;background_video_link&quot;:&quot;https:\\\/\\\/www.standio.com\\\/wp-content\\\/uploads\\\/standio-scroll-video-bg.mp4&quot;,&quot;background_motion_fx_devices&quot;:[&quot;desktop&quot;,&quot;tablet&quot;,&quot;mobile&quot;]}\">\n\t\t\t\t\t\t\t\t<div class=\"elementor-background-video-container elementor-hidden-phone\">\n\t\t\t\t\t\t\t\t\t\t\t\t\t<video class=\"elementor-background-video-hosted elementor-html5-video\" autoplay muted playsinline loop><\/video>\n\t\t\t\t\t\t\t\t\t\t\t<\/div>\n\t\t\t\t\t\t\t\t\t<div class=\"elementor-background-overlay\"><\/div>\n\t\t\t\t\t\t\t<div class=\"elementor-container elementor-column-gap-no\">\n\t\t\t\t\t\t\t<div class=\"elementor-row\">\n\t\t\t\t\t<div class=\"elementor-column elementor-col-50 elementor-top-column elementor-element elementor-element-7247878\" data-id=\"7247878\" data-element_type=\"column\">\n\t\t\t<div class=\"elementor-column-wrap\">\n\t\t\t\t\t\t\t<div class=\"elementor-widget-wrap\">\n\t\t\t\t\t\t\t\t<\/div>\n\t\t\t\t\t<\/div>\n\t\t<\/div>\n\t\t\t\t<div class=\"elementor-column elementor-col-50 elementor-top-column elementor-element elementor-element-44b06499\" data-id=\"44b06499\" data-element_type=\"column\">\n\t\t\t<div class=\"elementor-column-wrap elementor-element-populated\">\n\t\t\t\t\t\t\t<div class=\"elementor-widget-wrap\">\n\t\t\t\t\t\t<div class=\"elementor-element elementor-element-256b562e elementor-widget elementor-widget-heading\" data-id=\"256b562e\" data-element_type=\"widget\" data-widget_type=\"heading.default\">\n\t\t\t\t<div class=\"elementor-widget-container\">\n\t\t\t<h1 class=\"elementor-heading-title elementor-size-default\">Standio Scroll<\/h1>\t\t<\/div>\n\t\t\t\t<\/div>\n\t\t\t\t<div class=\"elementor-element elementor-element-51d400ee elementor-widget elementor-widget-text-editor\" data-id=\"51d400ee\" data-element_type=\"widget\" data-widget_type=\"text-editor.default\">\n\t\t\t\t<div class=\"elementor-widget-container\">\n\t\t\t\t\t<div class=\"elementor-text-editor elementor-clearfix\">Thu h\u00fat s\u1ef1 ch\u00fa \u00fd b\u1eb1ng Standio Scroll. T\u0103ng doanh thu b\u1eb1ng vi\u1ec7c k\u1ebft n\u1ed1i tr\u1ea3i nghi\u1ec7m c\u1ee7a kh\u00e1ch h\u00e0ng v\u1edbi nh\u1eefng th\u00f4ng \u0111i\u1ec7p s\u00e1ng t\u1ea1o \u0111\u1ed9c \u0111\u00e1o.<\/div>\n\t\t\t\t<\/div>\n\t\t\t\t<\/div>\n\t\t\t\t\t\t<\/div>\n\t\t\t\t\t<\/div>\n\t\t<\/div>\n\t\t\t\t\t\t\t\t<\/div>\n\t\t\t\t\t<\/div>\n\t\t<\/section>\n\t\t\t\t<section class=\"elementor-section elementor-top-section elementor-element elementor-element-71b2c8e3 elementor-section-stretched elementor-section-boxed elementor-section-height-default elementor-section-height-default\" data-id=\"71b2c8e3\" data-element_type=\"section\" data-settings=\"{&quot;stretch_section&quot;:&quot;section-stretched&quot;,&quot;background_background&quot;:&quot;classic&quot;,&quot;background_image&quot;:{&quot;url&quot;:&quot;https:\\\/\\\/www.standio.com\\\/wp-content\\\/uploads\\\/standio-scroll-sb-1.jpg&quot;,&quot;id&quot;:6900},&quot;background_motion_fx_motion_fx_scrolling&quot;:&quot;yes&quot;,&quot;background_motion_fx_translateY_effect&quot;:&quot;yes&quot;,&quot;background_image_tablet&quot;:{&quot;url&quot;:&quot;&quot;,&quot;id&quot;:&quot;&quot;},&quot;background_image_mobile&quot;:{&quot;url&quot;:&quot;&quot;,&quot;id&quot;:&quot;&quot;},&quot;background_motion_fx_translateY_speed&quot;:{&quot;unit&quot;:&quot;px&quot;,&quot;size&quot;:4,&quot;sizes&quot;:[]},&quot;background_motion_fx_translateY_affectedRange&quot;:{&quot;unit&quot;:&quot;%&quot;,&quot;size&quot;:&quot;&quot;,&quot;sizes&quot;:{&quot;start&quot;:0,&quot;end&quot;:100}},&quot;background_motion_fx_devices&quot;:[&quot;desktop&quot;,&quot;tablet&quot;,&quot;mobile&quot;]}\">\n\t\t\t\t\t\t\t<div class=\"elementor-background-overlay\"><\/div>\n\t\t\t\t\t\t\t<div class=\"elementor-container elementor-column-gap-no\">\n\t\t\t\t\t\t\t<div class=\"elementor-row\">\n\t\t\t\t\t<div class=\"elementor-column elementor-col-50 elementor-top-column elementor-element elementor-element-6ca6891\" data-id=\"6ca6891\" data-element_type=\"column\" data-settings=\"{&quot;background_background&quot;:&quot;classic&quot;}\">\n\t\t\t<div class=\"elementor-column-wrap elementor-element-populated\">\n\t\t\t\t\t\t\t<div class=\"elementor-widget-wrap\">\n\t\t\t\t\t\t<div class=\"elementor-element elementor-element-63555946 elementor-widget elementor-widget-heading\" data-id=\"63555946\" data-element_type=\"widget\" data-widget_type=\"heading.default\">\n\t\t\t\t<div class=\"elementor-widget-container\">\n\t\t\t<h1 class=\"elementor-heading-title elementor-size-default\">K\u1ebft n\u1ed1i kh\u00e1ch h\u00e0ng c\u1ee7a b\u1ea1n b\u1eb1ng nh\u1eefng th\u00f4ng \u0111i\u1ec7p c\u1ee7a th\u01b0\u01a1ng hi\u1ec7u m\u1ed9t c\u00e1ch s\u1ed1ng \u0111\u1ed9ng c\u00f9ng \u0111\u1ed9 s\u00e1ng, v\u00e0 \u0111\u1ed9 t\u01b0\u01a1ng ph\u1ea3n cao<\/h1>\t\t<\/div>\n\t\t\t\t<\/div>\n\t\t\t\t<div class=\"elementor-element elementor-element-46aa7c71 elementor-widget elementor-widget-text-editor\" data-id=\"46aa7c71\" data-element_type=\"widget\" data-widget_type=\"text-editor.default\">\n\t\t\t\t<div class=\"elementor-widget-container\">\n\t\t\t\t\t<div class=\"elementor-text-editor elementor-clearfix\">Thu h\u00fat s\u1ef1 ch\u00fa \u00fd b\u1eb1ng Standio Scroll. T\u0103ng doanh thu b\u1eb1ng vi\u1ec7c k\u1ebft n\u1ed1i tr\u1ea3i nghi\u1ec7m c\u1ee7a kh\u00e1ch h\u00e0ng v\u1edbi nh\u1eefng th\u00f4ng \u0111i\u1ec7p s\u00e1ng t\u1ea1o \u0111\u1ed9c \u0111\u00e1o.<\/div>\n\t\t\t\t<\/div>\n\t\t\t\t<\/div>\n\t\t\t\t\t\t<\/div>\n\t\t\t\t\t<\/div>\n\t\t<\/div>\n\t\t\t\t<div class=\"elementor-column elementor-col-50 elementor-top-column elementor-element elementor-element-559fc7cd\" data-id=\"559fc7cd\" data-element_type=\"column\">\n\t\t\t<div class=\"elementor-column-wrap elementor-element-populated\">\n\t\t\t\t\t\t\t<div class=\"elementor-widget-wrap\">\n\t\t\t\t\t\t<div class=\"elementor-element elementor-element-60c0008d elementor-widget elementor-widget-image\" data-id=\"60c0008d\" data-element_type=\"widget\" data-settings=\"{&quot;_animation&quot;:&quot;none&quot;}\" data-widget_type=\"image.default\">\n\t\t\t\t<div class=\"elementor-widget-container\">\n\t\t\t\t\t<div class=\"elementor-image\">\n\t\t\t\t\t\t\t\t\t\t<img width=\"2560\" height=\"1768\" src=\"https:\/\/www.standio.com\/wp-content\/uploads\/standio-scroll-sb-1.jpg\" class=\"attachment-full size-full\" alt=\"\" loading=\"lazy\" srcset=\"https:\/\/www.standio.com\/wp-content\/uploads\/standio-scroll-sb-1.jpg 2560w, https:\/\/www.standio.com\/wp-content\/uploads\/standio-scroll-sb-1-300x207.jpg 300w, https:\/\/www.standio.com\/wp-content\/uploads\/standio-scroll-sb-1-768x530.jpg 768w, https:\/\/www.standio.com\/wp-content\/uploads\/standio-scroll-sb-1-1024x707.jpg 1024w, https:\/\/www.standio.com\/wp-content\/uploads\/standio-scroll-sb-1-500x345.jpg 500w\" sizes=\"(max-width: 2560px) 100vw, 2560px\" \/>\t\t\t\t\t\t\t\t\t\t\t<\/div>\n\t\t\t\t<\/div>\n\t\t\t\t<\/div>\n\t\t\t\t\t\t<\/div>\n\t\t\t\t\t<\/div>\n\t\t<\/div>\n\t\t\t\t\t\t\t\t<\/div>\n\t\t\t\t\t<\/div>\n\t\t<\/section>\n\t\t\t\t<section class=\"elementor-section elementor-top-section elementor-element elementor-element-4886f858 elementor-section-stretched elementor-reverse-tablet elementor-reverse-mobile elementor-section-boxed elementor-section-height-default elementor-section-height-default\" data-id=\"4886f858\" data-element_type=\"section\" data-settings=\"{&quot;stretch_section&quot;:&quot;section-stretched&quot;,&quot;background_background&quot;:&quot;classic&quot;,&quot;background_motion_fx_motion_fx_scrolling&quot;:&quot;yes&quot;,&quot;background_image&quot;:{&quot;url&quot;:&quot;&quot;,&quot;id&quot;:&quot;&quot;},&quot;background_image_tablet&quot;:{&quot;url&quot;:&quot;&quot;,&quot;id&quot;:&quot;&quot;},&quot;background_image_mobile&quot;:{&quot;url&quot;:&quot;&quot;,&quot;id&quot;:&quot;&quot;},&quot;background_motion_fx_devices&quot;:[&quot;desktop&quot;,&quot;tablet&quot;,&quot;mobile&quot;]}\">\n\t\t\t\t\t\t\t<div class=\"elementor-background-overlay\"><\/div>\n\t\t\t\t\t\t\t<div class=\"elementor-container elementor-column-gap-no\">\n\t\t\t\t\t\t\t<div class=\"elementor-row\">\n\t\t\t\t\t<div class=\"elementor-column elementor-col-50 elementor-top-column elementor-element elementor-element-60865e8e\" data-id=\"60865e8e\" data-element_type=\"column\" data-settings=\"{&quot;background_background&quot;:&quot;classic&quot;}\">\n\t\t\t<div class=\"elementor-column-wrap elementor-element-populated\">\n\t\t\t\t\t\t\t<div class=\"elementor-widget-wrap\">\n\t\t\t\t\t\t<div class=\"elementor-element elementor-element-3cbb51be elementor-widget elementor-widget-heading\" data-id=\"3cbb51be\" data-element_type=\"widget\" data-widget_type=\"heading.default\">\n\t\t\t\t<div class=\"elementor-widget-container\">\n\t\t\t<h1 class=\"elementor-heading-title elementor-size-default\">D\u1ec5 d\u00e0ng s\u1eed d\u1ee5ng m\u1eb7t ph\u00e2n c\u00e1ch cho th\u00f4ng \u0111i\u1ec7p<\/h1>\t\t<\/div>\n\t\t\t\t<\/div>\n\t\t\t\t<div class=\"elementor-element elementor-element-1fc4ae94 elementor-widget elementor-widget-text-editor\" data-id=\"1fc4ae94\" data-element_type=\"widget\" data-widget_type=\"text-editor.default\">\n\t\t\t\t<div class=\"elementor-widget-container\">\n\t\t\t\t\t<div class=\"elementor-text-editor elementor-clearfix\">D\u1ec5 d\u00e0ng c\u1eadp nh\u1eadt v\u00e0 \u0111i\u1ec1u khi\u1ec3n nh\u1eefng h\u00ecnh \u1ea3nh v\u00e0 th\u00f4ng \u0111i\u1ec7p b\u1eb1ng vi\u1ec7c s\u1eed d\u1ee5ng ph\u01b0ng \u00e1n m\u1eb7t ph\u00e2n c\u00e1ch ti\u1ec7n l\u1ee3i. T\u1ea5t c\u1ea3 nh\u1eefng th\u1ee9 b\u1ea1n c\u1ea7n ch\u1ec9 l\u00e0 k\u1ebft n\u1ed1i internet.<\/div>\n\t\t\t\t<\/div>\n\t\t\t\t<\/div>\n\t\t\t\t\t\t<\/div>\n\t\t\t\t\t<\/div>\n\t\t<\/div>\n\t\t\t\t<div class=\"elementor-column elementor-col-50 elementor-top-column elementor-element elementor-element-2bae54b0\" data-id=\"2bae54b0\" data-element_type=\"column\">\n\t\t\t<div class=\"elementor-column-wrap elementor-element-populated\">\n\t\t\t\t\t\t\t<div class=\"elementor-widget-wrap\">\n\t\t\t\t\t\t<div class=\"elementor-element elementor-element-621f0a7d elementor-widget elementor-widget-image\" data-id=\"621f0a7d\" data-element_type=\"widget\" data-settings=\"{&quot;_animation&quot;:&quot;none&quot;}\" data-widget_type=\"image.default\">\n\t\t\t\t<div class=\"elementor-widget-container\">\n\t\t\t\t\t<div class=\"elementor-image\">\n\t\t\t\t\t\t\t\t\t\t<img width=\"1027\" height=\"815\" src=\"https:\/\/www.standio.com\/wp-content\/uploads\/Standio-Scroll-p6-burgerking-g.jpg\" class=\"attachment-full size-full\" alt=\"\" loading=\"lazy\" srcset=\"https:\/\/www.standio.com\/wp-content\/uploads\/Standio-Scroll-p6-burgerking-g.jpg 1027w, https:\/\/www.standio.com\/wp-content\/uploads\/Standio-Scroll-p6-burgerking-g-300x238.jpg 300w, https:\/\/www.standio.com\/wp-content\/uploads\/Standio-Scroll-p6-burgerking-g-768x609.jpg 768w, https:\/\/www.standio.com\/wp-content\/uploads\/Standio-Scroll-p6-burgerking-g-1024x813.jpg 1024w, https:\/\/www.standio.com\/wp-content\/uploads\/Standio-Scroll-p6-burgerking-g-500x397.jpg 500w\" sizes=\"(max-width: 1027px) 100vw, 1027px\" \/>\t\t\t\t\t\t\t\t\t\t\t<\/div>\n\t\t\t\t<\/div>\n\t\t\t\t<\/div>\n\t\t\t\t<div class=\"elementor-element elementor-element-23573c1a elementor-icon-list--layout-traditional elementor-list-item-link-full_width elementor-widget elementor-widget-icon-list\" data-id=\"23573c1a\" data-element_type=\"widget\" data-widget_type=\"icon-list.default\">\n\t\t\t\t<div class=\"elementor-widget-container\">\n\t\t\t\t\t<ul class=\"elementor-icon-list-items\">\n\t\t\t\t\t\t\t<li class=\"elementor-icon-list-item\">\n\t\t\t\t\t\t\t\t\t\t\t<span class=\"elementor-icon-list-icon\">\n\t\t\t\t\t\t\t\t\t\t\t\t\t\t\t\t<i class=\"fa fa-dot-circle-o\" aria-hidden=\"true\"><\/i>\n\t\t\t\t\t\t\t\t\t\t\t\t\t<\/span>\n\t\t\t\t\t\t\t\t\t\t<span class=\"elementor-icon-list-text\">Standio Scroll P6 \/ 960 x 384 mm (K\u00edch th\u01b0\u1edbc m\u00e0n h\u00ecnh)<\/span>\n\t\t\t\t\t\t\t\t\t<\/li>\n\t\t\t\t\t\t<\/ul>\n\t\t\t\t<\/div>\n\t\t\t\t<\/div>\n\t\t\t\t\t\t<\/div>\n\t\t\t\t\t<\/div>\n\t\t<\/div>\n\t\t\t\t\t\t\t\t<\/div>\n\t\t\t\t\t<\/div>\n\t\t<\/section>\n\t\t\t\t<section class=\"elementor-section elementor-top-section elementor-element elementor-element-2a23c2c9 elementor-section-content-middle elementor-section-boxed elementor-section-height-default elementor-section-height-default\" data-id=\"2a23c2c9\" data-element_type=\"section\">\n\t\t\t\t\t\t<div class=\"elementor-container elementor-column-gap-no\">\n\t\t\t\t\t\t\t<div class=\"elementor-row\">\n\t\t\t\t\t<div class=\"elementor-column elementor-col-50 elementor-top-column elementor-element elementor-element-5a16524f\" data-id=\"5a16524f\" data-element_type=\"column\">\n\t\t\t<div class=\"elementor-column-wrap elementor-element-populated\">\n\t\t\t\t\t\t\t<div class=\"elementor-widget-wrap\">\n\t\t\t\t\t\t<div class=\"elementor-element elementor-element-699d5857 elementor-widget elementor-widget-image\" data-id=\"699d5857\" data-element_type=\"widget\" data-widget_type=\"image.default\">\n\t\t\t\t<div class=\"elementor-widget-container\">\n\t\t\t\t\t<div class=\"elementor-image\">\n\t\t\t\t\t\t\t\t\t\t<img width=\"1200\" height=\"615\" src=\"https:\/\/www.standio.com\/wp-content\/uploads\/buy-1-get-1-free.jpg\" class=\"attachment-full size-full\" alt=\"\" loading=\"lazy\" srcset=\"https:\/\/www.standio.com\/wp-content\/uploads\/buy-1-get-1-free.jpg 1200w, https:\/\/www.standio.com\/wp-content\/uploads\/buy-1-get-1-free-300x154.jpg 300w, https:\/\/www.standio.com\/wp-content\/uploads\/buy-1-get-1-free-768x394.jpg 768w, https:\/\/www.standio.com\/wp-content\/uploads\/buy-1-get-1-free-1024x525.jpg 1024w, https:\/\/www.standio.com\/wp-content\/uploads\/buy-1-get-1-free-500x256.jpg 500w\" sizes=\"(max-width: 1200px) 100vw, 1200px\" \/>\t\t\t\t\t\t\t\t\t\t\t<\/div>\n\t\t\t\t<\/div>\n\t\t\t\t<\/div>\n\t\t\t\t\t\t<\/div>\n\t\t\t\t\t<\/div>\n\t\t<\/div>\n\t\t\t\t<div class=\"elementor-column elementor-col-50 elementor-top-column elementor-element elementor-element-7ac33084\" data-id=\"7ac33084\" data-element_type=\"column\">\n\t\t\t<div class=\"elementor-column-wrap elementor-element-populated\">\n\t\t\t\t\t\t\t<div class=\"elementor-widget-wrap\">\n\t\t\t\t\t\t<div class=\"elementor-element elementor-element-51b4118c elementor-widget elementor-widget-heading\" data-id=\"51b4118c\" data-element_type=\"widget\" data-widget_type=\"heading.default\">\n\t\t\t\t<div class=\"elementor-widget-container\">\n\t\t\t<h1 class=\"elementor-heading-title elementor-size-default\">Thi\u1ebft k\u1ebf t\u00f9y ch\u1ecdn<\/h1>\t\t<\/div>\n\t\t\t\t<\/div>\n\t\t\t\t<div class=\"elementor-element elementor-element-bc0221f elementor-widget elementor-widget-text-editor\" data-id=\"bc0221f\" data-element_type=\"widget\" data-widget_type=\"text-editor.default\">\n\t\t\t\t<div class=\"elementor-widget-container\">\n\t\t\t\t\t<div class=\"elementor-text-editor elementor-clearfix\">Cho d\u00f9 m\u1ee5c ti\u00eau c\u1ee7a b\u1ea1n l\u00e0 t\u1ea1o ra s\u1ef1 b\u1eaft m\u1eaft \u0111\u1ec3 k\u00eau g\u1ecdi hay nh\u1eafm v\u00e0o m\u1ee5c ti\u00eau l\u00e0 nh\u1eefng ng\u01b0\u1eddi mua s\u1eafm hay ch\u1ec9 \u0111\u01a1n gi\u1ea3n l\u00e0 thu h\u00fat s\u1ef1 ch\u00fa \u00fd c\u1ee7a kh\u00e1ch h\u00e0ng ti\u1ec1m n\u0103ng, ch\u00fang t\u00f4i c\u00f3 nh\u1eefng m\u00e0n h\u00ecnh Led ho\u00e0n h\u1ea3o. Standio Scroll c\u00f3 s\u1eb5n r\u1ea5t nhi\u1ec1u k\u00edch c\u1ee1 v\u00e0 \u0111\u1ed9 ph\u00e2n gi\u1ea3i \u0111\u1ec3 cung c\u1ea5p nh\u1eefng th\u00f4ng \u0111i\u1ec7p chi ti\u1ebft v\u00e0 r\u00f5 r\u00e0ng nh\u1ea5t c\u00f3 th\u1ec3.<\/div>\n\t\t\t\t<\/div>\n\t\t\t\t<\/div>\n\t\t\t\t\t\t<\/div>\n\t\t\t\t\t<\/div>\n\t\t<\/div>\n\t\t\t\t\t\t\t\t<\/div>\n\t\t\t\t\t<\/div>\n\t\t<\/section>\n\t\t\t\t\t\t<\/div>\n\t\t\t\t\t\t<\/div>\n\t\t\t\t\t<\/div>","protected":false},"excerpt":{"rendered":"<p>Standio Scroll Demand attention with the Standio Scroll. Drive revenue by engaging your customers experience with a creative unique brand message. Engage Your Customers with&#8230;<\/p>","protected":false},"author":2,"featured_media":0,"parent":0,"menu_order":3,"comment_status":"closed","ping_status":"closed","template":"elementor_header_footer","meta":[],"_links":{"self":[{"href":"https:\/\/www.standio.com\/vi\/wp-json\/wp\/v2\/pages\/7498"}],"collection":[{"href":"https:\/\/www.standio.com\/vi\/wp-json\/wp\/v2\/pages"}],"about":[{"href":"https:\/\/www.standio.com\/vi\/wp-json\/wp\/v2\/types\/page"}],"author":[{"embeddable":true,"href":"https:\/\/www.standio.com\/vi\/wp-json\/wp\/v2\/users\/2"}],"replies":[{"embeddable":true,"href":"https:\/\/www.standio.com\/vi\/wp-json\/wp\/v2\/comments?post=7498"}],"version-history":[{"count":5,"href":"https:\/\/www.standio.com\/vi\/wp-json\/wp\/v2\/pages\/7498\/revisions"}],"predecessor-version":[{"id":8027,"href":"https:\/\/www.standio.com\/vi\/wp-json\/wp\/v2\/pages\/7498\/revisions\/8027"}],"wp:attachment":[{"href":"https:\/\/www.standio.com\/vi\/wp-json\/wp\/v2\/media?parent=7498"}],"curies":[{"name":"wp","href":"https:\/\/api.w.org\/{rel}","templated":true}]}}