{"id":6546,"date":"2019-05-14T12:32:24","date_gmt":"2019-05-14T12:32:24","guid":{"rendered":"https:\/\/www.standio.com\/?page_id=6546"},"modified":"2019-09-17T08:59:01","modified_gmt":"2019-09-17T08:59:01","slug":"home","status":"publish","type":"page","link":"https:\/\/www.standio.com\/vi\/","title":{"rendered":"Home"},"content":{"rendered":"<div data-elementor-type=\"wp-post\" data-elementor-id=\"6546\" class=\"elementor elementor-6546\" data-elementor-settings=\"[]\">\n\t\t\t\t\t\t<div class=\"elementor-inner\">\n\t\t\t\t\t\t\t<div class=\"elementor-section-wrap\">\n\t\t\t\t\t\t\t<section class=\"elementor-section elementor-top-section elementor-element elementor-element-36e10509 elementor-section-stretched elementor-section-boxed elementor-section-height-default elementor-section-height-default\" data-id=\"36e10509\" data-element_type=\"section\" data-settings=\"{&quot;stretch_section&quot;:&quot;section-stretched&quot;,&quot;background_background&quot;:&quot;classic&quot;,&quot;background_image&quot;:{&quot;url&quot;:&quot;&quot;,&quot;id&quot;:&quot;&quot;},&quot;background_image_tablet&quot;:{&quot;url&quot;:&quot;&quot;,&quot;id&quot;:&quot;&quot;},&quot;background_image_mobile&quot;:{&quot;url&quot;:&quot;&quot;,&quot;id&quot;:&quot;&quot;}}\">\n\t\t\t\t\t\t\t<div class=\"elementor-background-overlay\"><\/div>\n\t\t\t\t\t\t\t<div class=\"elementor-container elementor-column-gap-no\">\n\t\t\t\t\t\t\t<div class=\"elementor-row\">\n\t\t\t\t\t<div class=\"elementor-column elementor-col-50 elementor-top-column elementor-element elementor-element-2e3e598d\" data-id=\"2e3e598d\" data-element_type=\"column\">\n\t\t\t<div class=\"elementor-column-wrap elementor-element-populated\">\n\t\t\t\t\t\t\t<div class=\"elementor-widget-wrap\">\n\t\t\t\t\t\t<div class=\"elementor-element elementor-element-3e16289 elementor-widget elementor-widget-heading\" data-id=\"3e16289\" data-element_type=\"widget\" data-widget_type=\"heading.default\">\n\t\t\t\t<div class=\"elementor-widget-container\">\n\t\t\t<h4 class=\"elementor-heading-title elementor-size-default\">M\u00e0n h\u00ecnh LED d\u1ec5 s\u1eed d\u1ee5ng<\/h4>\t\t<\/div>\n\t\t\t\t<\/div>\n\t\t\t\t<div class=\"elementor-element elementor-element-2edd157 elementor-widget elementor-widget-heading\" data-id=\"2edd157\" data-element_type=\"widget\" data-widget_type=\"heading.default\">\n\t\t\t\t<div class=\"elementor-widget-container\">\n\t\t\t<h1 class=\"elementor-heading-title elementor-size-default\">N\u00e2ng cao kh\u00f4ng gian v\u00e0 th\u00f4ng \u0111i\u1ec7p c\u1ee7a b\u1ea1n v\u1edbi Standio<\/h1>\t\t<\/div>\n\t\t\t\t<\/div>\n\t\t\t\t\t\t<\/div>\n\t\t\t\t\t<\/div>\n\t\t<\/div>\n\t\t\t\t<div class=\"elementor-column elementor-col-50 elementor-top-column elementor-element elementor-element-aa0af1a\" data-id=\"aa0af1a\" data-element_type=\"column\">\n\t\t\t<div class=\"elementor-column-wrap elementor-element-populated\">\n\t\t\t\t\t\t\t<div class=\"elementor-widget-wrap\">\n\t\t\t\t\t\t<div class=\"elementor-element elementor-element-b81d22a elementor-widget elementor-widget-image\" data-id=\"b81d22a\" data-element_type=\"widget\" data-widget_type=\"image.default\">\n\t\t\t\t<div class=\"elementor-widget-container\">\n\t\t\t\t\t<div class=\"elementor-image\">\n\t\t\t\t\t\t\t\t\t\t<img width=\"1736\" height=\"1200\" src=\"https:\/\/www.standio.com\/wp-content\/uploads\/standio-products.jpg\" class=\"attachment-full size-full\" alt=\"\" loading=\"lazy\" srcset=\"https:\/\/www.standio.com\/wp-content\/uploads\/standio-products.jpg 1736w, https:\/\/www.standio.com\/wp-content\/uploads\/standio-products-300x207.jpg 300w, https:\/\/www.standio.com\/wp-content\/uploads\/standio-products-768x531.jpg 768w, https:\/\/www.standio.com\/wp-content\/uploads\/standio-products-1024x708.jpg 1024w, https:\/\/www.standio.com\/wp-content\/uploads\/standio-products-500x346.jpg 500w\" sizes=\"(max-width: 1736px) 100vw, 1736px\" \/>\t\t\t\t\t\t\t\t\t\t\t<\/div>\n\t\t\t\t<\/div>\n\t\t\t\t<\/div>\n\t\t\t\t\t\t<\/div>\n\t\t\t\t\t<\/div>\n\t\t<\/div>\n\t\t\t\t\t\t\t\t<\/div>\n\t\t\t\t\t<\/div>\n\t\t<\/section>\n\t\t\t\t<section class=\"elementor-section elementor-top-section elementor-element elementor-element-3909d02 elementor-section-stretched elementor-section-boxed elementor-section-height-default elementor-section-height-default\" data-id=\"3909d02\" data-element_type=\"section\" data-settings=\"{&quot;stretch_section&quot;:&quot;section-stretched&quot;,&quot;background_background&quot;:&quot;classic&quot;,&quot;background_image&quot;:{&quot;url&quot;:&quot;&quot;,&quot;id&quot;:&quot;&quot;},&quot;background_image_tablet&quot;:{&quot;url&quot;:&quot;&quot;,&quot;id&quot;:&quot;&quot;},&quot;background_image_mobile&quot;:{&quot;url&quot;:&quot;&quot;,&quot;id&quot;:&quot;&quot;}}\">\n\t\t\t\t\t\t\t<div class=\"elementor-background-overlay\"><\/div>\n\t\t\t\t\t\t\t<div class=\"elementor-container elementor-column-gap-no\">\n\t\t\t\t\t\t\t<div class=\"elementor-row\">\n\t\t\t\t\t<div class=\"elementor-column elementor-col-50 elementor-top-column elementor-element elementor-element-8f1a70e\" data-id=\"8f1a70e\" data-element_type=\"column\">\n\t\t\t<div class=\"elementor-column-wrap elementor-element-populated\">\n\t\t\t\t\t\t\t<div class=\"elementor-widget-wrap\">\n\t\t\t\t\t\t<div class=\"elementor-element elementor-element-b79b740 elementor-widget elementor-widget-heading\" data-id=\"b79b740\" data-element_type=\"widget\" data-widget_type=\"heading.default\">\n\t\t\t\t<div class=\"elementor-widget-container\">\n\t\t\t<h1 class=\"elementor-heading-title elementor-size-default\">Standio Portable<\/h1>\t\t<\/div>\n\t\t\t\t<\/div>\n\t\t\t\t<div class=\"elementor-element elementor-element-f8f1bf8 elementor-widget elementor-widget-text-editor\" data-id=\"f8f1bf8\" data-element_type=\"widget\" data-widget_type=\"text-editor.default\">\n\t\t\t\t<div class=\"elementor-widget-container\">\n\t\t\t\t\t<div class=\"elementor-text-editor elementor-clearfix\"><p>Series m\u00e0n h\u00ecnh LED \u0111\u1ed9c l\u1eadp v\u1edbi \u0111\u1ed9 ph\u00e2n gi\u1ea3i cao The Standio portable s\u1eb5n s\u00e0ng \u0111\u1ec3 \u00e1p d\u1ee5ng cho nhi\u1ec1u \u1ee9ng d\u1ee5ng. V\u1edbi thi\u1ebft k\u1ebf g\u1ecdn nh\u1eb9 khi di chuy\u1ec3n cho ph\u00e9p ng\u01b0\u1eddi s\u1eed d\u1ee5ng d\u1ec5 d\u00e0ng thi\u1ebft l\u1eadp t\u1ed1i \u0111a h\u00f3a th\u00f4ng \u0111i\u1ec7p v\u00e0 tr\u1ea3i nghi\u1ec7m h\u00ecnh \u1ea3nh.<\/p><\/div>\n\t\t\t\t<\/div>\n\t\t\t\t<\/div>\n\t\t\t\t<div class=\"elementor-element elementor-element-d322f13 elementor-widget elementor-widget-button\" data-id=\"d322f13\" data-element_type=\"widget\" data-widget_type=\"button.default\">\n\t\t\t\t<div class=\"elementor-widget-container\">\n\t\t\t\t\t<div class=\"elementor-button-wrapper\">\n\t\t\t<a href=\"https:\/\/www.standio.com\/vi\/standio-portable\/\" class=\"elementor-button-link elementor-button elementor-size-md elementor-animation-float\" role=\"button\">\n\t\t\t\t\t\t<span class=\"elementor-button-content-wrapper\">\n\t\t\t\t\t\t<span class=\"elementor-button-text\">View More<\/span>\n\t\t<\/span>\n\t\t\t\t\t<\/a>\n\t\t<\/div>\n\t\t\t\t<\/div>\n\t\t\t\t<\/div>\n\t\t\t\t\t\t<\/div>\n\t\t\t\t\t<\/div>\n\t\t<\/div>\n\t\t\t\t<div class=\"elementor-column elementor-col-50 elementor-top-column elementor-element elementor-element-3477663\" data-id=\"3477663\" data-element_type=\"column\">\n\t\t\t<div class=\"elementor-column-wrap elementor-element-populated\">\n\t\t\t\t\t\t\t<div class=\"elementor-widget-wrap\">\n\t\t\t\t\t\t<div class=\"elementor-element elementor-element-e778800 elementor-widget elementor-widget-image\" data-id=\"e778800\" data-element_type=\"widget\" data-widget_type=\"image.default\">\n\t\t\t\t<div class=\"elementor-widget-container\">\n\t\t\t\t\t<div class=\"elementor-image\">\n\t\t\t\t\t\t\t\t\t\t<img width=\"1616\" height=\"1209\" src=\"https:\/\/www.standio.com\/wp-content\/uploads\/Standio-Fold-Q.jpg\" class=\"attachment-full size-full\" alt=\"\" loading=\"lazy\" srcset=\"https:\/\/www.standio.com\/wp-content\/uploads\/Standio-Fold-Q.jpg 1616w, https:\/\/www.standio.com\/wp-content\/uploads\/Standio-Fold-Q-300x224.jpg 300w, https:\/\/www.standio.com\/wp-content\/uploads\/Standio-Fold-Q-768x575.jpg 768w, https:\/\/www.standio.com\/wp-content\/uploads\/Standio-Fold-Q-1024x766.jpg 1024w, https:\/\/www.standio.com\/wp-content\/uploads\/Standio-Fold-Q-500x374.jpg 500w\" sizes=\"(max-width: 1616px) 100vw, 1616px\" \/>\t\t\t\t\t\t\t\t\t\t\t<\/div>\n\t\t\t\t<\/div>\n\t\t\t\t<\/div>\n\t\t\t\t\t\t<\/div>\n\t\t\t\t\t<\/div>\n\t\t<\/div>\n\t\t\t\t\t\t\t\t<\/div>\n\t\t\t\t\t<\/div>\n\t\t<\/section>\n\t\t\t\t<section class=\"elementor-section elementor-top-section elementor-element elementor-element-60c96d5 elementor-section-stretched elementor-section-boxed elementor-section-height-default elementor-section-height-default\" data-id=\"60c96d5\" data-element_type=\"section\" data-settings=\"{&quot;stretch_section&quot;:&quot;section-stretched&quot;,&quot;background_background&quot;:&quot;classic&quot;,&quot;background_image&quot;:{&quot;url&quot;:&quot;&quot;,&quot;id&quot;:&quot;&quot;},&quot;background_image_tablet&quot;:{&quot;url&quot;:&quot;&quot;,&quot;id&quot;:&quot;&quot;},&quot;background_image_mobile&quot;:{&quot;url&quot;:&quot;&quot;,&quot;id&quot;:&quot;&quot;}}\">\n\t\t\t\t\t\t\t<div class=\"elementor-background-overlay\"><\/div>\n\t\t\t\t\t\t\t<div class=\"elementor-container elementor-column-gap-no\">\n\t\t\t\t\t\t\t<div class=\"elementor-row\">\n\t\t\t\t\t<div class=\"elementor-column elementor-col-100 elementor-top-column elementor-element elementor-element-716487d\" data-id=\"716487d\" data-element_type=\"column\">\n\t\t\t<div class=\"elementor-column-wrap elementor-element-populated\">\n\t\t\t\t\t\t\t<div class=\"elementor-widget-wrap\">\n\t\t\t\t\t\t<div class=\"elementor-element elementor-element-aa3d4f7 elementor-widget elementor-widget-heading\" data-id=\"aa3d4f7\" data-element_type=\"widget\" data-widget_type=\"heading.default\">\n\t\t\t\t<div class=\"elementor-widget-container\">\n\t\t\t<h1 class=\"elementor-heading-title elementor-size-default\">Standio Board<\/h1>\t\t<\/div>\n\t\t\t\t<\/div>\n\t\t\t\t<div class=\"elementor-element elementor-element-a83a4ae elementor-widget elementor-widget-text-editor\" data-id=\"a83a4ae\" data-element_type=\"widget\" data-widget_type=\"text-editor.default\">\n\t\t\t\t<div class=\"elementor-widget-container\">\n\t\t\t\t\t<div class=\"elementor-text-editor elementor-clearfix\"><p>T\u1eeb ph\u00f2ng h\u1ecdc \u0111\u1ebfn ph\u00f2ng h\u1ecdp, Standio Board truy\u1ec1n t\u1ea3i s\u1ef1 t\u01b0\u01a1ng t\u00e1c v\u1edbi m\u00e0n h\u00ecnh LED. C\u00f9ng v\u1edbi t\u00ednh n\u0103ng chia s\u1ebb n\u1ed9i dung v\u00e0 c\u1ea3m \u1ee9ng t\u01b0\u01a1ng t\u00e1c \u1edf \u0111\u1ea7u ng\u00f3n tay, m\u00e0n h\u00ecnh Standio Board gi\u00fap t\u1ea1o \u0111i\u1ec1u ki\u1ec7n thu\u1eadn l\u1ee3i cho vi\u1ec7c ra quy\u1ebft \u0111\u1ecbnh, thuy\u1ebft minh thuy\u1ebft tr\u00ecnh v\u00e0 t\u1eadp trung suy ngh\u0129.<\/p><\/div>\n\t\t\t\t<\/div>\n\t\t\t\t<\/div>\n\t\t\t\t<div class=\"elementor-element elementor-element-8342a10 elementor-widget elementor-widget-button\" data-id=\"8342a10\" data-element_type=\"widget\" data-widget_type=\"button.default\">\n\t\t\t\t<div class=\"elementor-widget-container\">\n\t\t\t\t\t<div class=\"elementor-button-wrapper\">\n\t\t\t<a href=\"https:\/\/www.standio.com\/vi\/standio-board\/\" class=\"elementor-button-link elementor-button elementor-size-md elementor-animation-float\" role=\"button\">\n\t\t\t\t\t\t<span class=\"elementor-button-content-wrapper\">\n\t\t\t\t\t\t<span class=\"elementor-button-text\">View More<\/span>\n\t\t<\/span>\n\t\t\t\t\t<\/a>\n\t\t<\/div>\n\t\t\t\t<\/div>\n\t\t\t\t<\/div>\n\t\t\t\t<div class=\"elementor-element elementor-element-25347e1 elementor-widget elementor-widget-image\" data-id=\"25347e1\" data-element_type=\"widget\" data-widget_type=\"image.default\">\n\t\t\t\t<div class=\"elementor-widget-container\">\n\t\t\t\t\t<div class=\"elementor-image\">\n\t\t\t\t\t\t\t\t\t\t<img width=\"1500\" height=\"563\" src=\"https:\/\/www.standio.com\/wp-content\/uploads\/Standio-Board-4Type.jpg\" class=\"attachment-full size-full\" alt=\"\" loading=\"lazy\" srcset=\"https:\/\/www.standio.com\/wp-content\/uploads\/Standio-Board-4Type.jpg 1500w, https:\/\/www.standio.com\/wp-content\/uploads\/Standio-Board-4Type-300x113.jpg 300w, https:\/\/www.standio.com\/wp-content\/uploads\/Standio-Board-4Type-768x288.jpg 768w, https:\/\/www.standio.com\/wp-content\/uploads\/Standio-Board-4Type-1024x384.jpg 1024w, https:\/\/www.standio.com\/wp-content\/uploads\/Standio-Board-4Type-500x188.jpg 500w\" sizes=\"(max-width: 1500px) 100vw, 1500px\" \/>\t\t\t\t\t\t\t\t\t\t\t<\/div>\n\t\t\t\t<\/div>\n\t\t\t\t<\/div>\n\t\t\t\t\t\t<\/div>\n\t\t\t\t\t<\/div>\n\t\t<\/div>\n\t\t\t\t\t\t\t\t<\/div>\n\t\t\t\t\t<\/div>\n\t\t<\/section>\n\t\t\t\t<section class=\"elementor-section elementor-top-section elementor-element elementor-element-e11784c elementor-section-content-middle elementor-section-boxed elementor-section-height-default elementor-section-height-default\" data-id=\"e11784c\" data-element_type=\"section\" data-settings=\"{&quot;background_background&quot;:&quot;classic&quot;,&quot;background_image&quot;:{&quot;url&quot;:&quot;&quot;,&quot;id&quot;:&quot;&quot;},&quot;background_image_tablet&quot;:{&quot;url&quot;:&quot;&quot;,&quot;id&quot;:&quot;&quot;},&quot;background_image_mobile&quot;:{&quot;url&quot;:&quot;&quot;,&quot;id&quot;:&quot;&quot;}}\">\n\t\t\t\t\t\t<div class=\"elementor-container elementor-column-gap-no\">\n\t\t\t\t\t\t\t<div class=\"elementor-row\">\n\t\t\t\t\t<div class=\"elementor-column elementor-col-50 elementor-top-column elementor-element elementor-element-e5c4af6\" data-id=\"e5c4af6\" data-element_type=\"column\">\n\t\t\t<div class=\"elementor-column-wrap elementor-element-populated\">\n\t\t\t\t\t\t\t<div class=\"elementor-widget-wrap\">\n\t\t\t\t\t\t<div class=\"elementor-element elementor-element-26e7f7f elementor-widget elementor-widget-heading\" data-id=\"26e7f7f\" data-element_type=\"widget\" data-widget_type=\"heading.default\">\n\t\t\t\t<div class=\"elementor-widget-container\">\n\t\t\t<h1 class=\"elementor-heading-title elementor-size-default\">Standio Street<\/h1>\t\t<\/div>\n\t\t\t\t<\/div>\n\t\t\t\t<div class=\"elementor-element elementor-element-bc615dd elementor-widget elementor-widget-text-editor\" data-id=\"bc615dd\" data-element_type=\"widget\" data-widget_type=\"text-editor.default\">\n\t\t\t\t<div class=\"elementor-widget-container\">\n\t\t\t\t\t<div class=\"elementor-text-editor elementor-clearfix\"><p>Truy\u1ec1n tr\u1ef1c ti\u1ebfp nh\u1eefng th\u00f4ng \u0111i\u1ec7p qu\u1ea3ng c\u00e1o v\u1edbi \u0111\u1ed9 s\u00e1ng v\u00e0 \u0111\u1ed9 ph\u00e2n gi\u1ea3i cao \u0111\u1ebfn \u0111\u01b0\u1eddng ph\u1ed1 v\u1edbi Standio Street. Standio Street l\u00e0 m\u1ed9t s\u1ea3n ph\u1ea9m ho\u00e0n h\u1ea3o \u0111\u1ec3 k\u1ebft n\u1ed1i kh\u00e1ch h\u00e0ng c\u1ee7a b\u1ea1n b\u1eb1ng nh\u1eefng th\u00f4ng \u0111i\u1ec7p s\u1ed1ng \u0111\u1ed9ng c\u00f9ng \u0111\u1ed9 s\u00e1ng, v\u00e0 \u0111\u1ed9 t\u01b0\u01a1ng ph\u1ea3n cao.<\/p><\/div>\n\t\t\t\t<\/div>\n\t\t\t\t<\/div>\n\t\t\t\t<div class=\"elementor-element elementor-element-33a35db elementor-widget elementor-widget-button\" data-id=\"33a35db\" data-element_type=\"widget\" data-widget_type=\"button.default\">\n\t\t\t\t<div class=\"elementor-widget-container\">\n\t\t\t\t\t<div class=\"elementor-button-wrapper\">\n\t\t\t<a href=\"https:\/\/www.standio.com\/vi\/standio-street\/\" class=\"elementor-button-link elementor-button elementor-size-md elementor-animation-float\" role=\"button\">\n\t\t\t\t\t\t<span class=\"elementor-button-content-wrapper\">\n\t\t\t\t\t\t<span class=\"elementor-button-text\">View More<\/span>\n\t\t<\/span>\n\t\t\t\t\t<\/a>\n\t\t<\/div>\n\t\t\t\t<\/div>\n\t\t\t\t<\/div>\n\t\t\t\t\t\t<\/div>\n\t\t\t\t\t<\/div>\n\t\t<\/div>\n\t\t\t\t<div class=\"elementor-column elementor-col-50 elementor-top-column elementor-element elementor-element-b6a005e\" data-id=\"b6a005e\" data-element_type=\"column\">\n\t\t\t<div class=\"elementor-column-wrap elementor-element-populated\">\n\t\t\t\t\t\t\t<div class=\"elementor-widget-wrap\">\n\t\t\t\t\t\t<div class=\"elementor-element elementor-element-401680f elementor-widget elementor-widget-image\" data-id=\"401680f\" data-element_type=\"widget\" data-widget_type=\"image.default\">\n\t\t\t\t<div class=\"elementor-widget-container\">\n\t\t\t\t\t<div class=\"elementor-image\">\n\t\t\t\t\t\t\t\t\t\t<img src=\"https:\/\/www.standio.com\/wp-content\/uploads\/standio-street-arteon.jpg\" title=\"\" alt=\"\" \/>\t\t\t\t\t\t\t\t\t\t\t<\/div>\n\t\t\t\t<\/div>\n\t\t\t\t<\/div>\n\t\t\t\t\t\t<\/div>\n\t\t\t\t\t<\/div>\n\t\t<\/div>\n\t\t\t\t\t\t\t\t<\/div>\n\t\t\t\t\t<\/div>\n\t\t<\/section>\n\t\t\t\t<section class=\"elementor-section elementor-top-section elementor-element elementor-element-c98b32c elementor-section-stretched elementor-section-content-middle elementor-reverse-tablet elementor-reverse-mobile elementor-section-boxed elementor-section-height-default elementor-section-height-default\" data-id=\"c98b32c\" data-element_type=\"section\" data-settings=\"{&quot;stretch_section&quot;:&quot;section-stretched&quot;,&quot;background_background&quot;:&quot;classic&quot;,&quot;background_image&quot;:{&quot;url&quot;:&quot;&quot;,&quot;id&quot;:&quot;&quot;},&quot;background_image_tablet&quot;:{&quot;url&quot;:&quot;&quot;,&quot;id&quot;:&quot;&quot;},&quot;background_image_mobile&quot;:{&quot;url&quot;:&quot;&quot;,&quot;id&quot;:&quot;&quot;}}\">\n\t\t\t\t\t\t\t<div class=\"elementor-background-overlay\"><\/div>\n\t\t\t\t\t\t\t<div class=\"elementor-container elementor-column-gap-no\">\n\t\t\t\t\t\t\t<div class=\"elementor-row\">\n\t\t\t\t\t<div class=\"elementor-column elementor-col-50 elementor-top-column elementor-element elementor-element-85cddfc\" data-id=\"85cddfc\" data-element_type=\"column\">\n\t\t\t<div class=\"elementor-column-wrap elementor-element-populated\">\n\t\t\t\t\t\t\t<div class=\"elementor-widget-wrap\">\n\t\t\t\t\t\t<div class=\"elementor-element elementor-element-718f3db elementor-widget elementor-widget-heading\" data-id=\"718f3db\" data-element_type=\"widget\" data-widget_type=\"heading.default\">\n\t\t\t\t<div class=\"elementor-widget-container\">\n\t\t\t<h1 class=\"elementor-heading-title elementor-size-default\">Standio Scroll<\/h1>\t\t<\/div>\n\t\t\t\t<\/div>\n\t\t\t\t<div class=\"elementor-element elementor-element-3d7f639 elementor-widget elementor-widget-text-editor\" data-id=\"3d7f639\" data-element_type=\"widget\" data-widget_type=\"text-editor.default\">\n\t\t\t\t<div class=\"elementor-widget-container\">\n\t\t\t\t\t<div class=\"elementor-text-editor elementor-clearfix\"><p>Th\u00fac \u0111\u1ea9y doanh thu b\u1eb1ng vi\u1ec7c g\u1eafn k\u1ebft tr\u1ea3i nghi\u1ec7m c\u1ee7a kh\u00e1ch h\u00e0ng v\u1edbi nh\u1eefng th\u00f4ng \u0111i\u1ec7p s\u00e1ng t\u1ea1o \u0111\u1ed9c \u0111\u00e1o. T\u0103ng c\u01b0\u1eddng th\u00f4ng \u0111i\u1ec7p b\u1ea3n \u0111\u1ecba b\u1eb1ng c\u00e1ch thu h\u00fat s\u1ef1 ch\u00fa \u00fd b\u1eb1ng \u00e1nh s\u00e1ng m\u00e0n h\u00ecnh.<\/p><\/div>\n\t\t\t\t<\/div>\n\t\t\t\t<\/div>\n\t\t\t\t<div class=\"elementor-element elementor-element-5a043c2 elementor-widget elementor-widget-button\" data-id=\"5a043c2\" data-element_type=\"widget\" data-widget_type=\"button.default\">\n\t\t\t\t<div class=\"elementor-widget-container\">\n\t\t\t\t\t<div class=\"elementor-button-wrapper\">\n\t\t\t<a href=\"https:\/\/www.standio.com\/product\/standio-scroll\/\" class=\"elementor-button-link elementor-button elementor-size-md elementor-animation-float\" role=\"button\">\n\t\t\t\t\t\t<span class=\"elementor-button-content-wrapper\">\n\t\t\t\t\t\t<span class=\"elementor-button-text\">View More<\/span>\n\t\t<\/span>\n\t\t\t\t\t<\/a>\n\t\t<\/div>\n\t\t\t\t<\/div>\n\t\t\t\t<\/div>\n\t\t\t\t\t\t<\/div>\n\t\t\t\t\t<\/div>\n\t\t<\/div>\n\t\t\t\t<div class=\"elementor-column elementor-col-50 elementor-top-column elementor-element elementor-element-6b7818f\" data-id=\"6b7818f\" data-element_type=\"column\">\n\t\t\t<div class=\"elementor-column-wrap elementor-element-populated\">\n\t\t\t\t\t\t\t<div class=\"elementor-widget-wrap\">\n\t\t\t\t\t\t<div class=\"elementor-element elementor-element-7049d17 elementor-widget elementor-widget-image\" data-id=\"7049d17\" data-element_type=\"widget\" data-widget_type=\"image.default\">\n\t\t\t\t<div class=\"elementor-widget-container\">\n\t\t\t\t\t<div class=\"elementor-image\">\n\t\t\t\t\t\t\t\t\t\t<img width=\"1027\" height=\"815\" src=\"https:\/\/www.standio.com\/wp-content\/uploads\/Standio-Scroll-p6-burgerking-2.jpg\" class=\"attachment-full size-full\" alt=\"\" loading=\"lazy\" srcset=\"https:\/\/www.standio.com\/wp-content\/uploads\/Standio-Scroll-p6-burgerking-2.jpg 1027w, https:\/\/www.standio.com\/wp-content\/uploads\/Standio-Scroll-p6-burgerking-2-300x238.jpg 300w, https:\/\/www.standio.com\/wp-content\/uploads\/Standio-Scroll-p6-burgerking-2-768x609.jpg 768w, https:\/\/www.standio.com\/wp-content\/uploads\/Standio-Scroll-p6-burgerking-2-1024x813.jpg 1024w, https:\/\/www.standio.com\/wp-content\/uploads\/Standio-Scroll-p6-burgerking-2-500x397.jpg 500w\" sizes=\"(max-width: 1027px) 100vw, 1027px\" \/>\t\t\t\t\t\t\t\t\t\t\t<\/div>\n\t\t\t\t<\/div>\n\t\t\t\t<\/div>\n\t\t\t\t\t\t<\/div>\n\t\t\t\t\t<\/div>\n\t\t<\/div>\n\t\t\t\t\t\t\t\t<\/div>\n\t\t\t\t\t<\/div>\n\t\t<\/section>\n\t\t\t\t\t\t<\/div>\n\t\t\t\t\t\t<\/div>\n\t\t\t\t\t<\/div>","protected":false},"excerpt":{"rendered":"<p>Easy-to-use LED Screen\u200b Enhance Your Space and Messaging With a Standio Standio Portable The Standio portable series of high resolution LED displays are self contained&#8230;<\/p>","protected":false},"author":2,"featured_media":0,"parent":0,"menu_order":7,"comment_status":"closed","ping_status":"closed","template":"elementor_header_footer","meta":[],"_links":{"self":[{"href":"https:\/\/www.standio.com\/vi\/wp-json\/wp\/v2\/pages\/6546"}],"collection":[{"href":"https:\/\/www.standio.com\/vi\/wp-json\/wp\/v2\/pages"}],"about":[{"href":"https:\/\/www.standio.com\/vi\/wp-json\/wp\/v2\/types\/page"}],"author":[{"embeddable":true,"href":"https:\/\/www.standio.com\/vi\/wp-json\/wp\/v2\/users\/2"}],"replies":[{"embeddable":true,"href":"https:\/\/www.standio.com\/vi\/wp-json\/wp\/v2\/comments?post=6546"}],"version-history":[{"count":113,"href":"https:\/\/www.standio.com\/vi\/wp-json\/wp\/v2\/pages\/6546\/revisions"}],"predecessor-version":[{"id":8044,"href":"https:\/\/www.standio.com\/vi\/wp-json\/wp\/v2\/pages\/6546\/revisions\/8044"}],"wp:attachment":[{"href":"https:\/\/www.standio.com\/vi\/wp-json\/wp\/v2\/media?parent=6546"}],"curies":[{"name":"wp","href":"https:\/\/api.w.org\/{rel}","templated":true}]}}